{"id":25,"date":"2017-04-01T14:43:07","date_gmt":"2017-04-01T14:43:07","guid":{"rendered":"http:\/\/wp.gingenia.com\/?page_id=25"},"modified":"2018-12-03T11:47:32","modified_gmt":"2018-12-03T16:17:32","slug":"home","status":"publish","type":"page","link":"http:\/\/www.gingenia.com\/","title":{"rendered":"Principal"},"content":{"rendered":"<table>\n<tbody>\n<tr>\n<td>Gingenia, C.A., Surge como la necesidad de la peque\u00f1a y mediana Empresa de herramientas de Informaci\u00f3n y Tecnolog\u00eda (IT) relacionadas con las \u00e1reas administrativas y financieras. Contando con profesionales con m\u00e1s de Veinte (20) a\u00f1os de experiencia, presenta un producto pionero en el pa\u00eds, una plataforma administrativa totalmente en la nube.<\/td>\n<\/tr>\n<\/tbody>\n<\/table>\n<p>APLICACIONES EN LA NUBE El servicio de aplicaciones en la nube, provee al cliente un conjunto de herramientas confiables y eficientes para la administraci\u00f3n del negocio.<\/p>\n<p>MISION: Prestar el mejor servicio de tecnolog\u00eda e informaci\u00f3n en la nube, garantizando confiabilidad y seguridad a nuestros clientes.<\/p>\n<p>VISION: Ser la principal empresa proveedora de servicios de tecnolog\u00eda e informaci\u00f3n en la nube.<\/p>\n<p>ASESORIA: Servicios de Asesor\u00eda y Gesti\u00f3n financiera en diversas \u00e1reas de la industria.<\/p>\n<p>DISE\u00d1O WEB: Ofrecemos dise\u00f1os orientados a la Web para dar a su empresa la mejor imagen en internet.<\/p>\n<table>\n<tbody>\n<tr>\n<td><\/td>\n<\/tr>\n<\/tbody>\n<\/table>\n","protected":false},"excerpt":{"rendered":"<p>Gingenia, C.A., Surge como la necesidad de la peque\u00f1a y mediana Empresa de herramientas de Informaci\u00f3n y Tecnolog\u00eda (IT) relacionadas con las \u00e1reas administrativas y financieras. Contando con profesionales con m\u00e1s de Veinte (20) a\u00f1os de experiencia, presenta un producto pionero en el pa\u00eds, una plataforma administrativa totalmente en la nube. APLICACIONES EN LA NUBE &hellip; <\/p>\n<p class=\"link-more\"><a href=\"http:\/\/www.gingenia.com\/\" class=\"more-link\">Continue reading<span class=\"screen-reader-text\"> &#8220;Principal&#8221;<\/span><\/a><\/p>\n","protected":false},"author":2,"featured_media":0,"parent":0,"menu_order":0,"comment_status":"closed","ping_status":"closed","template":"","meta":[],"_links":{"self":[{"href":"http:\/\/www.gingenia.com\/index.php\/wp-json\/wp\/v2\/pages\/25"}],"collection":[{"href":"http:\/\/www.gingenia.com\/index.php\/wp-json\/wp\/v2\/pages"}],"about":[{"href":"http:\/\/www.gingenia.com\/index.php\/wp-json\/wp\/v2\/types\/page"}],"author":[{"embeddable":true,"href":"http:\/\/www.gingenia.com\/index.php\/wp-json\/wp\/v2\/users\/2"}],"replies":[{"embeddable":true,"href":"http:\/\/www.gingenia.com\/index.php\/wp-json\/wp\/v2\/comments?post=25"}],"version-history":[{"count":17,"href":"http:\/\/www.gingenia.com\/index.php\/wp-json\/wp\/v2\/pages\/25\/revisions"}],"predecessor-version":[{"id":288,"href":"http:\/\/www.gingenia.com\/index.php\/wp-json\/wp\/v2\/pages\/25\/revisions\/288"}],"wp:attachment":[{"href":"http:\/\/www.gingenia.com\/index.php\/wp-json\/wp\/v2\/media?parent=25"}],"curies":[{"name":"wp","href":"https:\/\/api.w.org\/{rel}","templated":true}]}}