{"id":26,"date":"2017-04-01T14:43:07","date_gmt":"2017-04-01T14:43:07","guid":{"rendered":"http:\/\/wp.gingenia.com\/?page_id=26"},"modified":"2018-10-31T10:36:36","modified_gmt":"2018-10-31T15:06:36","slug":"about","status":"publish","type":"page","link":"http:\/\/www.gingenia.com\/index.php\/about\/","title":{"rendered":"Nosotros"},"content":{"rendered":"<p><b>Gingenia, C.A.,<\/b><\/p>\n<p>Misi\u00f3n:<br \/>\nPrestar el mejor servicio de tecnolog\u00eda e informaci\u00f3n<br \/>\nen la nube, garantizando confiabilidad y seguridad a<br \/>\nnuestros clientes.<\/p>\n<p>Visi\u00f3n:<br \/>\nSer la principal empresa proveedora de servicios de<br \/>\ntecnolog\u00eda e informaci\u00f3n en la nube.<\/p>\n<p>Contabilidad Ofrecemos:<br \/>\n-Control de Cuentas y Auxiliares<br \/>\n-Inclusi\u00f3n y modificaci\u00f3n de Comprobantes<br \/>\n-Cierres Mensuales<br \/>\n-Control de Activos fijos y Depreciaci\u00f3n<br \/>\n-Emisi\u00f3n de Balances de Comprobaci\u00f3n<br \/>\n-Emisi\u00f3n de Balance General<br \/>\n-Emisi\u00f3n de Mayores Anal\u00edticos<br \/>\n-Estados de Ganancias y Perdidas<\/p>\n<p>Bancos Ofrecemos:<br \/>\n-Control de las cuentas Bancarias<br \/>\n-Control de Chequeras<br \/>\n-Emisi\u00f3n y anulaci\u00f3n de cheques<br \/>\n-Estados de Cuenta<br \/>\n-Conciliaci\u00f3n bancaria<br \/>\n-Reporte de cheques por periodos<br \/>\n-Registro de los ingresos<br \/>\n-Manejo de Notas de Cr\u00e9dito y D\u00e9bito<\/p>\n","protected":false},"excerpt":{"rendered":"<p>Gingenia, C.A., Misi\u00f3n: Prestar el mejor servicio de tecnolog\u00eda e informaci\u00f3n en la nube, garantizando confiabilidad y seguridad a nuestros clientes. Visi\u00f3n: Ser la principal empresa proveedora de servicios de tecnolog\u00eda e informaci\u00f3n en la nube. Contabilidad Ofrecemos: -Control de Cuentas y Auxiliares -Inclusi\u00f3n y modificaci\u00f3n de Comprobantes -Cierres Mensuales -Control de Activos fijos y &hellip; <\/p>\n<p class=\"link-more\"><a href=\"http:\/\/www.gingenia.com\/index.php\/about\/\" class=\"more-link\">Continue reading<span class=\"screen-reader-text\"> &#8220;Nosotros&#8221;<\/span><\/a><\/p>\n","protected":false},"author":2,"featured_media":142,"parent":0,"menu_order":0,"comment_status":"closed","ping_status":"closed","template":"","meta":[],"_links":{"self":[{"href":"http:\/\/www.gingenia.com\/index.php\/wp-json\/wp\/v2\/pages\/26"}],"collection":[{"href":"http:\/\/www.gingenia.com\/index.php\/wp-json\/wp\/v2\/pages"}],"about":[{"href":"http:\/\/www.gingenia.com\/index.php\/wp-json\/wp\/v2\/types\/page"}],"author":[{"embeddable":true,"href":"http:\/\/www.gingenia.com\/index.php\/wp-json\/wp\/v2\/users\/2"}],"replies":[{"embeddable":true,"href":"http:\/\/www.gingenia.com\/index.php\/wp-json\/wp\/v2\/comments?post=26"}],"version-history":[{"count":7,"href":"http:\/\/www.gingenia.com\/index.php\/wp-json\/wp\/v2\/pages\/26\/revisions"}],"predecessor-version":[{"id":278,"href":"http:\/\/www.gingenia.com\/index.php\/wp-json\/wp\/v2\/pages\/26\/revisions\/278"}],"wp:featuredmedia":[{"embeddable":true,"href":"http:\/\/www.gingenia.com\/index.php\/wp-json\/wp\/v2\/media\/142"}],"wp:attachment":[{"href":"http:\/\/www.gingenia.com\/index.php\/wp-json\/wp\/v2\/media?parent=26"}],"curies":[{"name":"wp","href":"https:\/\/api.w.org\/{rel}","templated":true}]}}