{"id":29,"date":"2017-04-01T14:43:07","date_gmt":"2017-04-01T14:43:07","guid":{"rendered":"http:\/\/wp.gingenia.com\/?page_id=29"},"modified":"2018-10-31T10:33:00","modified_gmt":"2018-10-31T15:03:00","slug":"a-homepage-section","status":"publish","type":"page","link":"http:\/\/www.gingenia.com\/index.php\/a-homepage-section\/","title":{"rendered":"Gingenia"},"content":{"rendered":"<p><b><i>Nueva ley org\u00e1nica del <\/i><\/b><a href=\"http:\/\/www.gingenia.com\/LOT.pdf\"><b><i>trabajo<\/i><\/b><\/a><b><i> (formato.pdf)<\/i><\/b><\/p>\n<p><b><i>Modelo<\/i><\/b><b><i> Libro de Ventas publicado por el SENIAT<\/i><\/b><b><i><br \/>\nhace alg\u00fan tiempo en su p\u00e1gina Web<\/i><\/b> <b><i> <a href=\"http:\/\/www.gingenia.com\/LIBRO%20VENTAS.pdf\">Ventas<\/a><\/i><\/b><\/p>\n<p><b><i>Modelo Libro de Compras publicado por el SENIAT<br \/>\nhace alg\u00fan tiempo en su p\u00e1gina Web<\/i><\/b> <b><i> <a href=\"http:\/\/www.gingenia.com\/LIBRO%20COMPRAS.pdf\">Compras<\/a><\/i><\/b><\/p>\n","protected":false},"excerpt":{"rendered":"<p>Nueva ley org\u00e1nica del trabajo (formato.pdf) Modelo Libro de Ventas publicado por el SENIAT hace alg\u00fan tiempo en su p\u00e1gina Web Ventas Modelo Libro de Compras publicado por el SENIAT hace alg\u00fan tiempo en su p\u00e1gina Web Compras<\/p>\n","protected":false},"author":2,"featured_media":142,"parent":0,"menu_order":0,"comment_status":"closed","ping_status":"closed","template":"","meta":[],"_links":{"self":[{"href":"http:\/\/www.gingenia.com\/index.php\/wp-json\/wp\/v2\/pages\/29"}],"collection":[{"href":"http:\/\/www.gingenia.com\/index.php\/wp-json\/wp\/v2\/pages"}],"about":[{"href":"http:\/\/www.gingenia.com\/index.php\/wp-json\/wp\/v2\/types\/page"}],"author":[{"embeddable":true,"href":"http:\/\/www.gingenia.com\/index.php\/wp-json\/wp\/v2\/users\/2"}],"replies":[{"embeddable":true,"href":"http:\/\/www.gingenia.com\/index.php\/wp-json\/wp\/v2\/comments?post=29"}],"version-history":[{"count":26,"href":"http:\/\/www.gingenia.com\/index.php\/wp-json\/wp\/v2\/pages\/29\/revisions"}],"predecessor-version":[{"id":277,"href":"http:\/\/www.gingenia.com\/index.php\/wp-json\/wp\/v2\/pages\/29\/revisions\/277"}],"wp:featuredmedia":[{"embeddable":true,"href":"http:\/\/www.gingenia.com\/index.php\/wp-json\/wp\/v2\/media\/142"}],"wp:attachment":[{"href":"http:\/\/www.gingenia.com\/index.php\/wp-json\/wp\/v2\/media?parent=29"}],"curies":[{"name":"wp","href":"https:\/\/api.w.org\/{rel}","templated":true}]}}